{"id":12954,"date":"2020-08-27T08:23:10","date_gmt":"2020-08-27T08:23:10","guid":{"rendered":"http:\/\/app.iecoinstitute.org\/?page_id=12954"},"modified":"2022-09-13T14:22:43","modified_gmt":"2022-09-13T14:22:43","slug":"politica-privacidad","status":"publish","type":"page","link":"https:\/\/app.iecoinstitute.org\/es\/politica-privacidad\/","title":{"rendered":"Pol\u00edtica de Privacidad"},"content":{"rendered":"\t\t<div data-elementor-type=\"wp-page\" data-elementor-id=\"12954\" class=\"elementor elementor-12954\">\n\t\t\t\t\t\t<section class=\"elementor-section elementor-top-section elementor-element elementor-element-2b1184b0 elementor-section-boxed elementor-section-height-default elementor-section-height-default sc_fly_static\" data-id=\"2b1184b0\" data-element_type=\"section\" data-e-type=\"section\" data-settings=\"{&quot;background_background&quot;:&quot;classic&quot;}\">\n\t\t\t\t\t\t<div class=\"elementor-container elementor-column-gap-extended\">\n\t\t\t\t\t<div class=\"elementor-column elementor-col-100 elementor-top-column elementor-element elementor-element-153e1c19 sc_content_align_inherit sc_layouts_column_icons_position_left sc_fly_static\" data-id=\"153e1c19\" data-element_type=\"column\" data-e-type=\"column\">\n\t\t\t<div class=\"elementor-widget-wrap elementor-element-populated\">\n\t\t\t\t\t\t<div class=\"elementor-element elementor-element-38e85f7 sc_fly_static elementor-widget elementor-widget-heading\" data-id=\"38e85f7\" data-element_type=\"widget\" data-e-type=\"widget\" data-widget_type=\"heading.default\">\n\t\t\t\t<div class=\"elementor-widget-container\">\n\t\t\t\t\t<h1 class=\"elementor-heading-title elementor-size-default\">Pol\u00edtica de Privacidad<\/h1>\t\t\t\t<\/div>\n\t\t\t\t<\/div>\n\t\t\t\t<div class=\"elementor-element elementor-element-e6ae994 sc_fly_static elementor-widget elementor-widget-spacer\" data-id=\"e6ae994\" data-element_type=\"widget\" data-e-type=\"widget\" data-widget_type=\"spacer.default\">\n\t\t\t\t<div class=\"elementor-widget-container\">\n\t\t\t\t\t\t\t<div class=\"elementor-spacer\">\n\t\t\t<div class=\"elementor-spacer-inner\"><\/div>\n\t\t<\/div>\n\t\t\t\t\t\t<\/div>\n\t\t\t\t<\/div>\n\t\t\t\t<div class=\"elementor-element elementor-element-54db29de sc_fly_static elementor-widget elementor-widget-text-editor\" data-id=\"54db29de\" data-element_type=\"widget\" data-e-type=\"widget\" data-widget_type=\"text-editor.default\">\n\t\t\t\t<div class=\"elementor-widget-container\">\n\t\t\t\t\t\t\t\t\t<h4><strong>POL\u00cdTICA DE PROTECCI\u00d3N DE DATOS<\/strong><\/h4><p>IECO (Institute for Ethics in Communication and Organizations) es un Instituto de investigaci\u00f3n adscrito a la Fundaci\u00f3n COSO. Para el desarrollo de sus funciones requiere realizar tratamientos de datos de car\u00e1cter personal de aquellas personas que se relacionan con el mismo, ya sea para realizar acciones formativas, participar en sus actividades o recibir informaci\u00f3n. A trav\u00e9s de este documento se pretende informar a todas aquellas personas que lo deseen sobre cu\u00e1l es la pol\u00edtica empleada por el IECO a la hora de recoger y tratar los datos de car\u00e1cter personal. Por otro lado, los detalles concretos de cada tratamiento de datos podr\u00e1n consultarse en el\u00a0<em>Registro de las Actividades del Tratamiento<\/em>\u00a0del IECO.<\/p><h5><strong>I.- RESPOSABLE DEL TRATAMIENTO<\/strong><\/h5><p>Fundaci\u00f3n COSO \u2013 Institute for Ethics in Communication and Organizations (IECO)<br \/>CIF: G-96614532<br \/>Domicilio: C\/ Mar, 26, 2\u00ba, 4\u00aa \u2013 46003 Valencia.<\/p><h5><strong>II.- FINALIDAD DEL TRATAMIENTO Y BASE JUR\u00cdDICA<\/strong><\/h5><p>El IECO recoge datos personales con las siguientes finalidades:<\/p><ul><li><strong>Contacto general:<\/strong>\u00a0atender las solicitudes de informaci\u00f3n sobre los servicios que ofrece la Fundaci\u00f3n COSO a\u00a0trav\u00e9s del Instituto IECO, sobre la base del inter\u00e9s leg\u00edtimo de IECO a contestar, por cualquier medio a las solicitudes o consultas que se le puedan dirigir, haciendo uso \u00fanicamente de aquellos datos estrictamente necesarios y facilitados por la persona interesada.<\/li><li><strong>Newsletter:<\/strong>\u00a0suscripci\u00f3n al servicio de noticias y eventos del Instituto IECO, as\u00ed como la promoci\u00f3n de actividades formativas y otros servicios, previo consentimiento de las personas titulares de los datos.<\/li><li>Realizaci\u00f3n y gesti\u00f3n de\u00a0<strong>cursos o actividades<\/strong>, estando el IECO legitimado en base al inter\u00e9s leg\u00edtimo.<\/li><li>Participaci\u00f3n en\u00a0<strong>estudios cient\u00edficos<\/strong>, previo consentimiento de las personas titulares de los datos.<\/li><\/ul><p>Puede consultar en el\u00a0<strong><a href=\"https:\/\/iecoinstitute.org\/wp-content\/uploads\/2018\/11\/Anexos-POL%C3%8DTICA-DE-PRIVACIDAD-1.pdf\" target=\"_blank\" rel=\"noopener noreferrer\">anexo<\/a><\/strong>\u00a0a esta pol\u00edtica, el Registro de cada una de las actividades de tratamiento realizado por el IECO.<\/p><h5><strong>III.- ORIGEN DE LOS DATOS<\/strong><\/h5><p>Los datos personales recogidos proceden directamente de las personas interesadas y\/o de aquellas que en alg\u00fan momento han participado en alguna de las actividades del IECO.<\/p><h5><strong>IV.- DESTINATARIOS<\/strong><\/h5><p>Los datos personales no ser\u00e1n cedidos o comunicados a terceros, ni se producir\u00e1n transferencias a terceros pa\u00edses.<\/p><h5><strong>V.- PLAZO DE CONSERVACI\u00d3N DE LOS DATOS PERSONALES<\/strong><\/h5><p>El IECO proceder\u00e1 a la conservaci\u00f3n de los datos personales \u00fanicamente durante el plazo necesario para la consecuci\u00f3n de las finalidades para las que fueron recogidos y, siempre y cuando las personas interesadas no revoquen los consentimientos otorgados.<\/p><h5><strong>VI.- DERECHOS DE LAS PERSONAS INTERESADAS<\/strong><\/h5><p>Las personas interesadas pueden ejercer los siguientes derechos:<\/p><ul><li>Acceder a los datos personales que haya podido recoger el IECO.<\/li><li>Solicitar la rectificaci\u00f3n o supresi\u00f3n de dichos datos.<\/li><li>Solicitar la limitaci\u00f3n de su tratamiento, o a oponerse al tratamiento.<\/li><li>Retirar el consentimiento en cualquier momento, sin que ello afecte a la licitud del tratamiento basado en el consentimiento previo a su retirada.<\/li><li>Presentar una reclamaci\u00f3n ante la\u00a0<em>Agencia Espa\u00f1ola de Protecci\u00f3n de Datos<\/em>\u00a0(<strong><a href=\"http:\/\/www.agpd.es\/\" target=\"_blank\" rel=\"noopener noreferrer\">www.agpd.es<\/a><\/strong>).<\/li><\/ul><p>Las personas interesadas podr\u00e1n ejercer los citados derechos enviando escrito, acreditando su identidad, a la siguiente direcci\u00f3n:<\/p><p>Fundaci\u00f3n COSO<br \/>C\/ Mar, 26, 2\u00ba, 4\u00aa<br \/>46003 Valencia (Spain)<\/p><p>Tambi\u00e9n pueden ejercer estos derechos a trav\u00e9s de la siguiente direcci\u00f3n de\u00a0<a href=\"mailto:%20info@iecoinstitute.org\">email<\/a>.<\/p><p>En el caso de que desee darse de baja del IECO Fundaci\u00f3n COSO en cualquiera de nuestros servicios de notificaciones, puede hacerlo en\u00a0cualquier momento a trav\u00e9s del sistema de bajas que encontrar\u00e1 en el pie de nuestros boletines, o enviando un email poniendo en el asunto del mensaje \u201cBaja\u201d.<\/p><h5><strong>VII.- CAMBIOS EN LA POL\u00cdTICA DE PRIVACIDAD<\/strong><\/h5><p>Eventualmente, esta Pol\u00edtica de Privacidad puede ser revisada con el fin de actualizar los cambios en la legislaci\u00f3n\u00a0vigente, actualizar nuestros procedimientos de recogida y uso de la informaci\u00f3n de car\u00e1cter personal, la aparici\u00f3n de\u00a0nuevos servicios o la exclusi\u00f3n de otros.<\/p><p>Si tiene alguna pregunta o duda acerca de esta Pol\u00edtica de Privacidad, puede ponerse en contacto con nosotros\u00a0<strong><a href=\"mailto:%20info@iecoinstitute.org\">aqu\u00ed<\/a>.<\/strong><\/p>\t\t\t\t\t\t\t\t<\/div>\n\t\t\t\t<\/div>\n\t\t\t\t\t<\/div>\n\t\t<\/div>\n\t\t\t\t\t<\/div>\n\t\t<\/section>\n\t\t\t\t<section class=\"elementor-section elementor-top-section elementor-element elementor-element-7ef86bc8 elementor-section-boxed elementor-section-height-default elementor-section-height-default sc_fly_static\" data-id=\"7ef86bc8\" data-element_type=\"section\" data-e-type=\"section\">\n\t\t\t\t\t\t<div class=\"elementor-container elementor-column-gap-extended\">\n\t\t\t\t\t<div class=\"elementor-column elementor-col-100 elementor-top-column elementor-element elementor-element-19372eea sc_content_align_inherit sc_layouts_column_icons_position_left sc_fly_static\" data-id=\"19372eea\" data-element_type=\"column\" data-e-type=\"column\">\n\t\t\t<div class=\"elementor-widget-wrap elementor-element-populated\">\n\t\t\t\t\t\t<div class=\"elementor-element elementor-element-690b98ed sc_fly_static elementor-widget elementor-widget-spacer\" data-id=\"690b98ed\" data-element_type=\"widget\" data-e-type=\"widget\" data-widget_type=\"spacer.default\">\n\t\t\t\t<div class=\"elementor-widget-container\">\n\t\t\t\t\t\t\t<div class=\"elementor-spacer\">\n\t\t\t<div class=\"elementor-spacer-inner\"><\/div>\n\t\t<\/div>\n\t\t\t\t\t\t<\/div>\n\t\t\t\t<\/div>\n\t\t\t\t\t<\/div>\n\t\t<\/div>\n\t\t\t\t\t<\/div>\n\t\t<\/section>\n\t\t\t\t<\/div>\n\t\t","protected":false},"excerpt":{"rendered":"<p>Pol\u00edtica de Privacidad POL\u00cdTICA DE PROTECCI\u00d3N DE DATOS IECO (Institute for Ethics in Communication and Organizations) es un Instituto de investigaci\u00f3n adscrito a la Fundaci\u00f3n COSO. Para el desarrollo de&hellip;<\/p>\n","protected":false},"author":1,"featured_media":0,"parent":0,"menu_order":0,"comment_status":"closed","ping_status":"closed","template":"","meta":{"footnotes":""},"class_list":["post-12954","page","type-page","status-publish","hentry"],"yoast_head":"<!-- This site is optimized with the Yoast SEO plugin v27.4 - https:\/\/yoast.com\/product\/yoast-seo-wordpress\/ -->\n<title>Pol\u00edtica de Privacidad y Pol\u00edtica de Protecci\u00f3n de Datos<\/title>\n<meta name=\"description\" content=\"Para el desarrollo de sus funciones IECO requiere realizar tratamientos de datos de car\u00e1cter personal de aquellas personas que se relacionan con el mismo\" \/>\n<meta name=\"robots\" content=\"index, follow, max-snippet:-1, max-image-preview:large, max-video-preview:-1\" \/>\n<link rel=\"canonical\" href=\"https:\/\/app.iecoinstitute.org\/es\/politica-privacidad\/\" \/>\n<meta property=\"og:locale\" content=\"es_ES\" \/>\n<meta property=\"og:type\" content=\"article\" \/>\n<meta property=\"og:title\" content=\"Pol\u00edtica de Privacidad y Pol\u00edtica de Protecci\u00f3n de Datos\" \/>\n<meta property=\"og:description\" content=\"Para el desarrollo de sus funciones IECO requiere realizar tratamientos de datos de car\u00e1cter personal de aquellas personas que se relacionan con el mismo\" \/>\n<meta property=\"og:url\" content=\"https:\/\/app.iecoinstitute.org\/es\/politica-privacidad\/\" \/>\n<meta property=\"og:site_name\" content=\"IECO\" \/>\n<meta property=\"article:modified_time\" content=\"2022-09-13T14:22:43+00:00\" \/>\n<meta name=\"twitter:card\" content=\"summary_large_image\" \/>\n<meta name=\"twitter:site\" content=\"@IecoInstitute\" \/>\n<meta name=\"twitter:label1\" content=\"Tiempo de lectura\" \/>\n\t<meta name=\"twitter:data1\" content=\"3 minutos\" \/>\n<script type=\"application\/ld+json\" class=\"yoast-schema-graph\">{\"@context\":\"https:\\\/\\\/schema.org\",\"@graph\":[{\"@type\":\"WebPage\",\"@id\":\"https:\\\/\\\/app.iecoinstitute.org\\\/es\\\/politica-privacidad\\\/\",\"url\":\"https:\\\/\\\/app.iecoinstitute.org\\\/es\\\/politica-privacidad\\\/\",\"name\":\"Pol\u00edtica de Privacidad y Pol\u00edtica de Protecci\u00f3n de Datos\",\"isPartOf\":{\"@id\":\"https:\\\/\\\/app.iecoinstitute.org\\\/#website\"},\"datePublished\":\"2020-08-27T08:23:10+00:00\",\"dateModified\":\"2022-09-13T14:22:43+00:00\",\"description\":\"Para el desarrollo de sus funciones IECO requiere realizar tratamientos de datos de car\u00e1cter personal de aquellas personas que se relacionan con el mismo\",\"breadcrumb\":{\"@id\":\"https:\\\/\\\/app.iecoinstitute.org\\\/es\\\/politica-privacidad\\\/#breadcrumb\"},\"inLanguage\":\"es\",\"potentialAction\":[{\"@type\":\"ReadAction\",\"target\":[\"https:\\\/\\\/app.iecoinstitute.org\\\/es\\\/politica-privacidad\\\/\"]}]},{\"@type\":\"BreadcrumbList\",\"@id\":\"https:\\\/\\\/app.iecoinstitute.org\\\/es\\\/politica-privacidad\\\/#breadcrumb\",\"itemListElement\":[{\"@type\":\"ListItem\",\"position\":1,\"name\":\"Home\",\"item\":\"https:\\\/\\\/app.iecoinstitute.org\\\/\"},{\"@type\":\"ListItem\",\"position\":2,\"name\":\"Pol\u00edtica de Privacidad\"}]},{\"@type\":\"WebSite\",\"@id\":\"https:\\\/\\\/app.iecoinstitute.org\\\/#website\",\"url\":\"https:\\\/\\\/app.iecoinstitute.org\\\/\",\"name\":\"IECO\",\"description\":\"Institute for Ethics in Communication and Organizations\",\"publisher\":{\"@id\":\"https:\\\/\\\/app.iecoinstitute.org\\\/#organization\"},\"potentialAction\":[{\"@type\":\"SearchAction\",\"target\":{\"@type\":\"EntryPoint\",\"urlTemplate\":\"https:\\\/\\\/app.iecoinstitute.org\\\/?s={search_term_string}\"},\"query-input\":{\"@type\":\"PropertyValueSpecification\",\"valueRequired\":true,\"valueName\":\"search_term_string\"}}],\"inLanguage\":\"es\"},{\"@type\":\"Organization\",\"@id\":\"https:\\\/\\\/app.iecoinstitute.org\\\/#organization\",\"name\":\"IECO Institute\",\"url\":\"https:\\\/\\\/app.iecoinstitute.org\\\/\",\"logo\":{\"@type\":\"ImageObject\",\"inLanguage\":\"es\",\"@id\":\"https:\\\/\\\/app.iecoinstitute.org\\\/#\\\/schema\\\/logo\\\/image\\\/\",\"url\":\"https:\\\/\\\/app.iecoinstitute.org\\\/wp-content\\\/uploads\\\/2022\\\/12\\\/IECO-rediseno-2023.png\",\"contentUrl\":\"https:\\\/\\\/app.iecoinstitute.org\\\/wp-content\\\/uploads\\\/2022\\\/12\\\/IECO-rediseno-2023.png\",\"width\":2560,\"height\":1121,\"caption\":\"IECO Institute\"},\"image\":{\"@id\":\"https:\\\/\\\/app.iecoinstitute.org\\\/#\\\/schema\\\/logo\\\/image\\\/\"},\"sameAs\":[\"https:\\\/\\\/x.com\\\/IecoInstitute\",\"https:\\\/\\\/www.linkedin.com\\\/company\\\/ieco-institute-for-ethics-in-communication-and-organizations-\\\/\",\"https:\\\/\\\/www.youtube.com\\\/channel\\\/UCqZ4KAUQ8Wx4i_-8TrrUoTw\"]}]}<\/script>\n<!-- \/ Yoast SEO plugin. -->","yoast_head_json":{"title":"Pol\u00edtica de Privacidad y Pol\u00edtica de Protecci\u00f3n de Datos","description":"Para el desarrollo de sus funciones IECO requiere realizar tratamientos de datos de car\u00e1cter personal de aquellas personas que se relacionan con el mismo","robots":{"index":"index","follow":"follow","max-snippet":"max-snippet:-1","max-image-preview":"max-image-preview:large","max-video-preview":"max-video-preview:-1"},"canonical":"https:\/\/app.iecoinstitute.org\/es\/politica-privacidad\/","og_locale":"es_ES","og_type":"article","og_title":"Pol\u00edtica de Privacidad y Pol\u00edtica de Protecci\u00f3n de Datos","og_description":"Para el desarrollo de sus funciones IECO requiere realizar tratamientos de datos de car\u00e1cter personal de aquellas personas que se relacionan con el mismo","og_url":"https:\/\/app.iecoinstitute.org\/es\/politica-privacidad\/","og_site_name":"IECO","article_modified_time":"2022-09-13T14:22:43+00:00","twitter_card":"summary_large_image","twitter_site":"@IecoInstitute","twitter_misc":{"Tiempo de lectura":"3 minutos"},"schema":{"@context":"https:\/\/schema.org","@graph":[{"@type":"WebPage","@id":"https:\/\/app.iecoinstitute.org\/es\/politica-privacidad\/","url":"https:\/\/app.iecoinstitute.org\/es\/politica-privacidad\/","name":"Pol\u00edtica de Privacidad y Pol\u00edtica de Protecci\u00f3n de Datos","isPartOf":{"@id":"https:\/\/app.iecoinstitute.org\/#website"},"datePublished":"2020-08-27T08:23:10+00:00","dateModified":"2022-09-13T14:22:43+00:00","description":"Para el desarrollo de sus funciones IECO requiere realizar tratamientos de datos de car\u00e1cter personal de aquellas personas que se relacionan con el mismo","breadcrumb":{"@id":"https:\/\/app.iecoinstitute.org\/es\/politica-privacidad\/#breadcrumb"},"inLanguage":"es","potentialAction":[{"@type":"ReadAction","target":["https:\/\/app.iecoinstitute.org\/es\/politica-privacidad\/"]}]},{"@type":"BreadcrumbList","@id":"https:\/\/app.iecoinstitute.org\/es\/politica-privacidad\/#breadcrumb","itemListElement":[{"@type":"ListItem","position":1,"name":"Home","item":"https:\/\/app.iecoinstitute.org\/"},{"@type":"ListItem","position":2,"name":"Pol\u00edtica de Privacidad"}]},{"@type":"WebSite","@id":"https:\/\/app.iecoinstitute.org\/#website","url":"https:\/\/app.iecoinstitute.org\/","name":"IECO","description":"Institute for Ethics in Communication and Organizations","publisher":{"@id":"https:\/\/app.iecoinstitute.org\/#organization"},"potentialAction":[{"@type":"SearchAction","target":{"@type":"EntryPoint","urlTemplate":"https:\/\/app.iecoinstitute.org\/?s={search_term_string}"},"query-input":{"@type":"PropertyValueSpecification","valueRequired":true,"valueName":"search_term_string"}}],"inLanguage":"es"},{"@type":"Organization","@id":"https:\/\/app.iecoinstitute.org\/#organization","name":"IECO Institute","url":"https:\/\/app.iecoinstitute.org\/","logo":{"@type":"ImageObject","inLanguage":"es","@id":"https:\/\/app.iecoinstitute.org\/#\/schema\/logo\/image\/","url":"https:\/\/app.iecoinstitute.org\/wp-content\/uploads\/2022\/12\/IECO-rediseno-2023.png","contentUrl":"https:\/\/app.iecoinstitute.org\/wp-content\/uploads\/2022\/12\/IECO-rediseno-2023.png","width":2560,"height":1121,"caption":"IECO Institute"},"image":{"@id":"https:\/\/app.iecoinstitute.org\/#\/schema\/logo\/image\/"},"sameAs":["https:\/\/x.com\/IecoInstitute","https:\/\/www.linkedin.com\/company\/ieco-institute-for-ethics-in-communication-and-organizations-\/","https:\/\/www.youtube.com\/channel\/UCqZ4KAUQ8Wx4i_-8TrrUoTw"]}]}},"_links":{"self":[{"href":"https:\/\/app.iecoinstitute.org\/es\/wp-json\/wp\/v2\/pages\/12954","targetHints":{"allow":["GET"]}}],"collection":[{"href":"https:\/\/app.iecoinstitute.org\/es\/wp-json\/wp\/v2\/pages"}],"about":[{"href":"https:\/\/app.iecoinstitute.org\/es\/wp-json\/wp\/v2\/types\/page"}],"author":[{"embeddable":true,"href":"https:\/\/app.iecoinstitute.org\/es\/wp-json\/wp\/v2\/users\/1"}],"replies":[{"embeddable":true,"href":"https:\/\/app.iecoinstitute.org\/es\/wp-json\/wp\/v2\/comments?post=12954"}],"version-history":[{"count":7,"href":"https:\/\/app.iecoinstitute.org\/es\/wp-json\/wp\/v2\/pages\/12954\/revisions"}],"predecessor-version":[{"id":18797,"href":"https:\/\/app.iecoinstitute.org\/es\/wp-json\/wp\/v2\/pages\/12954\/revisions\/18797"}],"wp:attachment":[{"href":"https:\/\/app.iecoinstitute.org\/es\/wp-json\/wp\/v2\/media?parent=12954"}],"curies":[{"name":"wp","href":"https:\/\/api.w.org\/{rel}","templated":true}]}}